{"id":610,"date":"2023-09-02T10:12:19","date_gmt":"2023-09-02T08:12:19","guid":{"rendered":"https:\/\/svdeupen.be\/?page_id=610"},"modified":"2023-09-16T20:10:33","modified_gmt":"2023-09-16T18:10:33","slug":"ecole-de-natation","status":"publish","type":"page","link":"https:\/\/svdeupen.be\/index.php\/site-en-francais\/ecole-de-natation\/","title":{"rendered":"Ecole de natation"},"content":{"rendered":"\n<h5 class=\"wp-block-heading has-text-align-center\"><mark style=\"background-color:rgba(0, 0, 0, 0)\" class=\"has-inline-color has-vivid-red-color\">Malheureusement, il n&#8217;y a plus de place pour l&#8217;\u00e9cole de natation du SVDE pour septembre 2023<\/mark>.<mark style=\"background-color:rgba(0, 0, 0, 0)\" class=\"has-inline-color has-vivid-red-color\"><br>Vous pouvez vous inscrire pour le cours de janvier 2023 <a href=\"https:\/\/forms.gle\/8YyP4eYbwRpMqGFd8\" data-type=\"link\" data-id=\"https:\/\/forms.gle\/8YyP4eYbwRpMqGFd8\">ici <\/a>. <br>Merci pour votre compr\u00e9hension<\/mark><\/h5>\n\n\n\n<p><\/p>\n\n\n\n<p>En vue de permettre \u00e0 beaucoup d&#8217;enfants et de jeunes d&#8217;apprendre \u00e0 nager le plus t\u00f4t possible (\u00e0 partir de 5 ans), l\u2019ASBL du Club de Natation Delphin Eupen (SVDE) organise un nouveau cours d&#8217;initiation \u00e0 la natation \u00e0 partir du<\/p>\n\n\n\n<p class=\"has-text-align-center has-large-font-size\"><strong>23\/09\/2023 15h15<\/strong><\/p>\n\n\n\n<p><strong>Dur\u00e9e <\/strong>: Ce cours s&#8217;\u00e9tale sur 10 + 2 s\u00e9ances d&#8217;apprentissage, qui auront lieu en principe tous<br>les samedis et qui seront d\u00e9doubl\u00e9es. Pour les enfants germanophones, elles auront<br>lieu entre 14.30 et 15.15 heures, pour les enfants francophones entre 15.15 \u00e0 16.00<br>heures.<\/p>\n\n\n\n<p><strong>Lieu <\/strong>: Sportzentrum Kelmis, Patronagestra\u00dfe 53, 4720 Kelmis, Belgien<br><strong>Frais d&#8217;inscription : <\/strong>100\u20ac pour 12 s\u00e9ances et 20\u20ac par an pour l&#8217;assurance.<br><strong>Certificat m\u00e9dical :<\/strong> obligatoire.<\/p>\n\n\n\n<div class=\"wp-block-buttons is-content-justification-center is-layout-flex wp-container-1 wp-block-buttons-is-layout-flex\">\n<div class=\"wp-block-button\"><a class=\"wp-block-button__link wp-element-button\" href=\"http:\/\/svdeupen.be\/wp-content\/uploads\/2023\/09\/SVDE-Inscription-Ecole-Natation-2.pdf\">Formulaire d&#8217;inscription et certificat m\u00e9dical<\/a><\/div>\n<\/div>\n\n\n\n<p><br><strong>Bonnet :<\/strong> Le port du bonnet est obligatoire. Il peut \u00eatre acquis le jour de l&#8217;inscription.<br>Renseignements suppl\u00e9mentaires : chez M. Fr\u00e9d\u00e9ric Marenne 0475 31 75 13<\/p>\n","protected":false},"excerpt":{"rendered":"<p>Malheureusement, il n&#8217;y a plus de place pour l&#8217;\u00e9cole de natation du SVDE pour septembre 2023.Vous pouvez vous inscrire pour le cours de janvier 2023 ici . Merci pour votre compr\u00e9hension En vue de permettre \u00e0 beaucoup d&#8217;enfants et de jeunes d&#8217;apprendre \u00e0 nager le plus t\u00f4t possible (\u00e0 partir de 5 ans), l\u2019ASBL du [&hellip;]<\/p>\n","protected":false},"author":1,"featured_media":0,"parent":51,"menu_order":0,"comment_status":"closed","ping_status":"closed","template":"","meta":{"footnotes":""},"_links":{"self":[{"href":"https:\/\/svdeupen.be\/index.php\/wp-json\/wp\/v2\/pages\/610"}],"collection":[{"href":"https:\/\/svdeupen.be\/index.php\/wp-json\/wp\/v2\/pages"}],"about":[{"href":"https:\/\/svdeupen.be\/index.php\/wp-json\/wp\/v2\/types\/page"}],"author":[{"embeddable":true,"href":"https:\/\/svdeupen.be\/index.php\/wp-json\/wp\/v2\/users\/1"}],"replies":[{"embeddable":true,"href":"https:\/\/svdeupen.be\/index.php\/wp-json\/wp\/v2\/comments?post=610"}],"version-history":[{"count":9,"href":"https:\/\/svdeupen.be\/index.php\/wp-json\/wp\/v2\/pages\/610\/revisions"}],"predecessor-version":[{"id":681,"href":"https:\/\/svdeupen.be\/index.php\/wp-json\/wp\/v2\/pages\/610\/revisions\/681"}],"up":[{"embeddable":true,"href":"https:\/\/svdeupen.be\/index.php\/wp-json\/wp\/v2\/pages\/51"}],"wp:attachment":[{"href":"https:\/\/svdeupen.be\/index.php\/wp-json\/wp\/v2\/media?parent=610"}],"curies":[{"name":"wp","href":"https:\/\/api.w.org\/{rel}","templated":true}]}}