{"id":51,"date":"2020-08-11T16:11:26","date_gmt":"2020-08-11T14:11:26","guid":{"rendered":"http:\/\/svdeupen.be\/?page_id=51"},"modified":"2026-03-11T11:32:31","modified_gmt":"2026-03-11T10:32:31","slug":"site-en-francais","status":"publish","type":"page","link":"https:\/\/svdeupen.be\/index.php\/site-en-francais\/","title":{"rendered":"Informations en fran\u00e7ais"},"content":{"rendered":"\n<p>Nous avons le grand plaisir de vous annoncer que le club de natation d&#8217;Eupen a repris depuis septembre 2025!<\/p>\n\n\n\n<div style=\"height:36px\" aria-hidden=\"true\" class=\"wp-block-spacer\"><\/div>\n\n\n\n<h4 class=\"wp-block-heading\"><strong>Contact<\/strong><\/h4>\n\n\n\n<p> <strong>Email<\/strong> : <a>contact.svde@gmail.com<\/a><\/p>\n\n\n\n<h4 class=\"wp-block-heading\"><strong>Planning des entra\u00eenements<\/strong><\/h4>\n\n\n\n<h5 class=\"wp-block-heading\">Natation<\/h5>\n\n\n\n<h6 class=\"wp-block-heading\">Pour les enfants de 6 \u00e0 10 ans<\/h6>\n\n\n\n<p><strong>Mardi : 17h \u00e0 18h et 18h \u00e0 19h<\/strong><\/p>\n\n\n\n<h6 class=\"wp-block-heading\">Pour les jeunes de 11 \u00e0 14 ans<\/h6>\n\n\n\n<p><strong>Mardi : 19h \u00e0 20h<\/strong><br><strong>Jeudi : 19h \u00e0 20h<\/strong><\/p>\n\n\n\n<h6 class=\"wp-block-heading\">Groupe Masters<\/h6>\n\n\n\n<p><strong>Mardi : 20h \u00e0 21h<\/strong><\/p>\n\n\n\n<p><em>Des ajustements sont possibles en fonction de la demande.<\/em><\/p>\n\n\n\n<h5 class=\"wp-block-heading\">Water-polo<\/h5>\n\n\n\n<h6 class=\"wp-block-heading\">Pour les enfants de 5 \u00e0 8 ans<\/h6>\n\n\n\n<p><strong>Samedi : 17h \u00e0 18h<\/strong><\/p>\n\n\n\n<div style=\"height:56px\" aria-hidden=\"true\" class=\"wp-block-spacer\"><\/div>\n\n\n\n<h4 class=\"wp-block-heading\"><strong>Entra\u00eeneurs de natation<\/strong><\/h4>\n\n\n\n<div class=\"wp-block-columns is-layout-flex wp-container-3 wp-block-columns-is-layout-flex\">\n<div class=\"wp-block-column is-layout-flow wp-block-column-is-layout-flow\">\n<h6 class=\"wp-block-heading\">Aliaksandr Shyshulin<\/h6>\n\n\n\n<ul>\n<li>N\u00e9 le 01\/03\/1983<\/li>\n\n\n\n<li>Ancien \u00e9l\u00e8ve de l&#8217;\u00e9cole bi\u00e9lorusse de natation sportive professionnelle (1993\u20132000)<\/li>\n\n\n\n<li>Plusieurs fois m\u00e9daill\u00e9 en comp\u00e9titions juniors et seniors (1993\u20132002)<\/li>\n\n\n\n<li>Vainqueur de comp\u00e9titions Masters dans plusieurs pays<\/li>\n\n\n\n<li>D\u00e9tenteur de records en Masters (depuis 2015)<\/li>\n<\/ul>\n<\/div>\n\n\n\n<div class=\"wp-block-column is-layout-flow wp-block-column-is-layout-flow\">\n<h6 class=\"wp-block-heading\">Kathrin Popp<\/h6>\n\n\n\n<ul>\n<li>Dipl\u00f4m\u00e9e en logop\u00e9die (Heerlen)<\/li>\n\n\n\n<li>Coach sp\u00e9cialis\u00e9e : TDA\/H, psychomotricit\u00e9, dyslexie<\/li>\n\n\n\n<li>Exp\u00e9rience professionnelle :\n<ul>\n<li>Cr\u00e8che int\u00e9grative \u00e0 Alsdorf<\/li>\n\n\n\n<li>\u00c9coles primaires et sp\u00e9cialis\u00e9es \u00e0 Konzen et Eicherscheid<\/li>\n<\/ul>\n<\/li>\n\n\n\n<li>Membre actif en natation depuis 1985<\/li>\n\n\n\n<li>Responsable de la section natation \u00e0 la TURA Monschau<\/li>\n\n\n\n<li>Enseignante de natation \u00e0 l\u2019\u00e9cole primaire de Konzen et \u00e0 l\u2019\u00e9cole sp\u00e9cialis\u00e9e d\u2019Eicherscheid<\/li>\n\n\n\n<li>Entra\u00eeneuse de natation \u00e0 la DLRG Heimbach<\/li>\n\n\n\n<li><strong>Qualifications<\/strong> :\n<ul>\n<li>Sauveteuse<\/li>\n\n\n\n<li>Assistante de formation en sauvetage<\/li>\n\n\n\n<li>Formatrice en natation<\/li>\n<\/ul>\n<\/li>\n<\/ul>\n<\/div>\n<\/div>\n\n\n\n<div style=\"height:66px\" aria-hidden=\"true\" class=\"wp-block-spacer\"><\/div>\n\n\n\n<h4 class=\"wp-block-heading\">Entra\u00eeneurs de waterpolo:<\/h4>\n\n\n\n<h5 class=\"wp-block-heading\">Rapha\u00ebl Renson et Gabriel Schnackers<\/h5>\n\n\n\n<div style=\"height:72px\" aria-hidden=\"true\" class=\"wp-block-spacer\"><\/div>\n\n\n\n<h4 class=\"wp-block-heading\"><strong>Comit\u00e9<\/strong>:<\/h4>\n\n\n\n<p>Pr\u00e9sident : Fr\u00e9d\u00e9ric Marenne<\/p>\n\n\n\n<p>Secr\u00e9taire: Marianka Kaiser<\/p>\n\n\n\n<p>Tr\u00e9sorier: Oliver Ulrich<\/p>\n\n\n\n<p>Assesseur: Perdita Keutgen<\/p>\n\n\n\n<p><\/p>\n\n\n\n<figure class=\"wp-block-gallery has-nested-images columns-default is-cropped wp-block-gallery-4 is-layout-flex wp-block-gallery-is-layout-flex\">\n<figure class=\"wp-block-image size-large\"><img decoding=\"async\" loading=\"lazy\" width=\"1024\" height=\"682\" data-id=\"767\" src=\"https:\/\/svdeupen.be\/wp-content\/uploads\/2026\/03\/svde3-1024x682.jpg\" alt=\"\" class=\"wp-image-767\" srcset=\"https:\/\/svdeupen.be\/wp-content\/uploads\/2026\/03\/svde3-1024x682.jpg 1024w, https:\/\/svdeupen.be\/wp-content\/uploads\/2026\/03\/svde3-300x200.jpg 300w, https:\/\/svdeupen.be\/wp-content\/uploads\/2026\/03\/svde3-768x512.jpg 768w, https:\/\/svdeupen.be\/wp-content\/uploads\/2026\/03\/svde3.jpg 1280w\" sizes=\"(max-width: 1024px) 100vw, 1024px\" \/><\/figure>\n\n\n\n<figure class=\"wp-block-image size-large\"><img decoding=\"async\" loading=\"lazy\" width=\"1024\" height=\"682\" data-id=\"766\" src=\"https:\/\/svdeupen.be\/wp-content\/uploads\/2026\/03\/svde2-1024x682.jpg\" alt=\"\" class=\"wp-image-766\" srcset=\"https:\/\/svdeupen.be\/wp-content\/uploads\/2026\/03\/svde2-1024x682.jpg 1024w, https:\/\/svdeupen.be\/wp-content\/uploads\/2026\/03\/svde2-300x200.jpg 300w, https:\/\/svdeupen.be\/wp-content\/uploads\/2026\/03\/svde2-768x512.jpg 768w, https:\/\/svdeupen.be\/wp-content\/uploads\/2026\/03\/svde2.jpg 1280w\" sizes=\"(max-width: 1024px) 100vw, 1024px\" \/><\/figure>\n\n\n\n<figure class=\"wp-block-image size-large\"><img decoding=\"async\" loading=\"lazy\" width=\"1024\" height=\"682\" data-id=\"765\" src=\"https:\/\/svdeupen.be\/wp-content\/uploads\/2026\/03\/svde1-1024x682.jpg\" alt=\"\" class=\"wp-image-765\" srcset=\"https:\/\/svdeupen.be\/wp-content\/uploads\/2026\/03\/svde1-1024x682.jpg 1024w, https:\/\/svdeupen.be\/wp-content\/uploads\/2026\/03\/svde1-300x200.jpg 300w, https:\/\/svdeupen.be\/wp-content\/uploads\/2026\/03\/svde1-768x512.jpg 768w, https:\/\/svdeupen.be\/wp-content\/uploads\/2026\/03\/svde1.jpg 1280w\" sizes=\"(max-width: 1024px) 100vw, 1024px\" \/><\/figure>\n\n\n\n<figure class=\"wp-block-image size-large\"><img decoding=\"async\" loading=\"lazy\" width=\"1024\" height=\"682\" data-id=\"764\" src=\"https:\/\/svdeupen.be\/wp-content\/uploads\/2026\/03\/svde8-1024x682.jpg\" alt=\"\" class=\"wp-image-764\" srcset=\"https:\/\/svdeupen.be\/wp-content\/uploads\/2026\/03\/svde8-1024x682.jpg 1024w, https:\/\/svdeupen.be\/wp-content\/uploads\/2026\/03\/svde8-300x200.jpg 300w, https:\/\/svdeupen.be\/wp-content\/uploads\/2026\/03\/svde8-768x512.jpg 768w, https:\/\/svdeupen.be\/wp-content\/uploads\/2026\/03\/svde8.jpg 1280w\" sizes=\"(max-width: 1024px) 100vw, 1024px\" \/><\/figure>\n\n\n\n<figure class=\"wp-block-image size-large\"><img decoding=\"async\" loading=\"lazy\" width=\"1024\" height=\"682\" data-id=\"763\" src=\"https:\/\/svdeupen.be\/wp-content\/uploads\/2026\/03\/svde7-1024x682.jpg\" alt=\"\" class=\"wp-image-763\" srcset=\"https:\/\/svdeupen.be\/wp-content\/uploads\/2026\/03\/svde7-1024x682.jpg 1024w, https:\/\/svdeupen.be\/wp-content\/uploads\/2026\/03\/svde7-300x200.jpg 300w, https:\/\/svdeupen.be\/wp-content\/uploads\/2026\/03\/svde7-768x512.jpg 768w, https:\/\/svdeupen.be\/wp-content\/uploads\/2026\/03\/svde7.jpg 1280w\" sizes=\"(max-width: 1024px) 100vw, 1024px\" \/><\/figure>\n\n\n\n<figure class=\"wp-block-image size-large\"><img decoding=\"async\" loading=\"lazy\" width=\"1024\" height=\"682\" data-id=\"762\" src=\"https:\/\/svdeupen.be\/wp-content\/uploads\/2026\/03\/svde6-1024x682.jpg\" alt=\"\" class=\"wp-image-762\" srcset=\"https:\/\/svdeupen.be\/wp-content\/uploads\/2026\/03\/svde6-1024x682.jpg 1024w, https:\/\/svdeupen.be\/wp-content\/uploads\/2026\/03\/svde6-300x200.jpg 300w, https:\/\/svdeupen.be\/wp-content\/uploads\/2026\/03\/svde6-768x512.jpg 768w, https:\/\/svdeupen.be\/wp-content\/uploads\/2026\/03\/svde6.jpg 1280w\" sizes=\"(max-width: 1024px) 100vw, 1024px\" \/><\/figure>\n\n\n\n<figure class=\"wp-block-image size-large\"><img decoding=\"async\" loading=\"lazy\" width=\"1024\" height=\"682\" data-id=\"761\" src=\"https:\/\/svdeupen.be\/wp-content\/uploads\/2026\/03\/svde5-1024x682.jpg\" alt=\"\" class=\"wp-image-761\" srcset=\"https:\/\/svdeupen.be\/wp-content\/uploads\/2026\/03\/svde5-1024x682.jpg 1024w, https:\/\/svdeupen.be\/wp-content\/uploads\/2026\/03\/svde5-300x200.jpg 300w, https:\/\/svdeupen.be\/wp-content\/uploads\/2026\/03\/svde5-768x512.jpg 768w, https:\/\/svdeupen.be\/wp-content\/uploads\/2026\/03\/svde5.jpg 1280w\" sizes=\"(max-width: 1024px) 100vw, 1024px\" \/><\/figure>\n<\/figure>\n","protected":false},"excerpt":{"rendered":"<p>Nous avons le grand plaisir de vous annoncer que le club de natation d&#8217;Eupen a repris depuis septembre 2025! Contact Email : contact.svde@gmail.com Planning des entra\u00eenements Natation Pour les enfants de 6 \u00e0 10 ans Mardi : 17h \u00e0 18h et 18h \u00e0 19h Pour les jeunes de 11 \u00e0 14 ans Mardi : 19h [&hellip;]<\/p>\n","protected":false},"author":1,"featured_media":0,"parent":0,"menu_order":0,"comment_status":"closed","ping_status":"closed","template":"","meta":{"footnotes":""},"_links":{"self":[{"href":"https:\/\/svdeupen.be\/index.php\/wp-json\/wp\/v2\/pages\/51"}],"collection":[{"href":"https:\/\/svdeupen.be\/index.php\/wp-json\/wp\/v2\/pages"}],"about":[{"href":"https:\/\/svdeupen.be\/index.php\/wp-json\/wp\/v2\/types\/page"}],"author":[{"embeddable":true,"href":"https:\/\/svdeupen.be\/index.php\/wp-json\/wp\/v2\/users\/1"}],"replies":[{"embeddable":true,"href":"https:\/\/svdeupen.be\/index.php\/wp-json\/wp\/v2\/comments?post=51"}],"version-history":[{"count":23,"href":"https:\/\/svdeupen.be\/index.php\/wp-json\/wp\/v2\/pages\/51\/revisions"}],"predecessor-version":[{"id":788,"href":"https:\/\/svdeupen.be\/index.php\/wp-json\/wp\/v2\/pages\/51\/revisions\/788"}],"wp:attachment":[{"href":"https:\/\/svdeupen.be\/index.php\/wp-json\/wp\/v2\/media?parent=51"}],"curies":[{"name":"wp","href":"https:\/\/api.w.org\/{rel}","templated":true}]}}